{"id":2724,"date":"2024-03-14T23:21:28","date_gmt":"2024-03-14T20:21:28","guid":{"rendered":"https:\/\/www.wisecounter.ee\/?page_id=2724"},"modified":"2024-03-14T23:30:39","modified_gmt":"2024-03-14T20:30:39","slug":"wisecounter-ou-privacy-policy","status":"publish","type":"page","link":"https:\/\/www.wisecounter.ee\/en\/wisecounter-ou-privacy-policy\/","title":{"rendered":"WISECOUNTER O\u00dc PRIVACY POLICY"},"content":{"rendered":"<div class='breakdance'><section class=\"bde-section-2724-103 bde-section\">\n  \n\t\n\n\n\n<div class=\"section-container\"><h1 class=\"bde-heading-2724-104 bde-heading\">\nWISECOUNTER O\u00dc PRIVACY POLICY\n<\/h1><div class=\"bde-rich-text-2724-105 bde-rich-text breakdance-rich-text-styles\">\n<p><span style=\"font-weight: 400;\">Wisecounter O\u00dc (hereinafter referred to as \"Wisecounter\", \"we\" or \"our\") complies with the requirements and principles set out in this privacy policy. For Wisecounter, the privacy of individuals and the protection of personal data are important, and that is why we have developed this privacy policy, which sets out the purposes and conditions of personal data processing and the rights of data subjects related to personal data. We consider it important to keep personal data confidential and protect it, and we ensure the legality of personal data processing. The privacy policy covers the processing of personal data by Wisecounter, including the processing of personal data on the websites www.wisecounter.ee, www.wisecounter.se, www.wisecounter.fi, www.wisecounter.lv and www.wisecounter.eu\u00a0<\/span><\/p>\n<p>\u00a0<\/p>\n<ol>\n<li><b> Definitions<\/b><\/li>\n<\/ol>\n<p><span style=\"font-weight: 400;\">1.1. Personal data - any identified or non-identified information about a natural person, or \"data subject\". An identifiable natural person is a person who can be directly or indirectly identified, in particular on the basis of identification features such as name, personal identification number, location information, network identifier or on the basis of one or more physical, physiological, genetic, mental, economic, cultural or social characteristics of that natural person.<\/span><\/p>\n<p><span style=\"font-weight: 400;\">1.2. Processing of personal data - an automated or non-automated operation or set of operations performed on personal data or their collections, such as collection, documentation, arrangement, structuring, storage, adaptation and modification, querying, reading, use, disclosure by transmission, distribution or otherwise making available, reconciliation or combining, limiting, erasing or destroying.<\/span><\/p>\n<p><span style=\"font-weight: 400;\">1.3. Data controller \u2013 natural or legal person, public sector or local government institution, which is the primary collector of personal data. The controller determines the purposes and means of personal data processing.<\/span><\/p>\n<p><span style=\"font-weight: 400;\">1.4. Authorized processor \u2013 a natural or legal person, public sector or local government institution, which processes personal data on behalf of the responsible processor and on the basis of his instructions.<\/span><\/p>\n<p><span style=\"font-weight: 400;\">1.5. Third party \u2013 natural or legal person, public sector or local government institution, agency or body.<\/span><\/p>\n<p><span style=\"font-weight: 400;\">1.6. Personal Data Breach - A breach of requirements that results in the accidental or unlawful destruction, loss, alteration or unauthorized disclosure of or access to personal data transmitted, stored or otherwise processed.<\/span><\/p>\n<p><span style=\"font-weight: 400;\">1.7. Data subject \u2013 a person whose personal data is processed (for example, a natural person customer, website user or customer contact person).<\/span><\/p>\n<p>\u00a0<\/p>\n<ol start=\"2\">\n<li><b> Principles<\/b><\/li>\n<\/ol>\n<p><span style=\"font-weight: 400;\">2.1. Wisecounter and the persons processing personal data on our behalf are based on the following principles of personal data processing:<\/span><\/p>\n<p><i><span style=\"font-weight: 400;\">2.1.1. principle of legality, fairness and transparency - processing is legal, fair and transparent to the data subject.<\/span><\/i><\/p>\n<p><i><span style=\"font-weight: 400;\">2.1.2. the principle of purpose limitation \u2013 personal data are collected accurately and for specified and legitimate purposes and are not subsequently processed in a way that is inconsistent with these purposes.<\/span><\/i><\/p>\n<p><i><span style=\"font-weight: 400;\">2.1.3. the principle of collecting as little data as possible - personal data are relevant, important and limited to what is necessary for the purpose of their processing.<\/span><\/i><\/p>\n<p><i><span style=\"font-weight: 400;\">2.1.4. principle of correctness - personal data are correct and, if necessary, updated, and all reasonable measures are taken to delete or correct personal data that are incorrect from the point of view of the purpose of the processing without delay.<\/span><\/i><\/p>\n<p><i><span style=\"font-weight: 400;\">2.1.5. the principle of storage limitation - personal data is stored in a form that allows data subjects to be identified only as long as it is necessary to fulfil the purpose for which personal data is processed.<\/span><\/i><\/p>\n<p><i><span style=\"font-weight: 400;\">2.1.6. principle of reliability and confidentiality - personal data is processed in a way that ensures appropriate security of personal data, including protection against unauthorized or illegal processing and against accidental loss, destruction or damage, using appropriate technical or organizational measures.<\/span><\/i><\/p>\n<p>\u00a0<\/p>\n<ol start=\"3\">\n<li><b> Security of personal data processing<\/b><\/li>\n<\/ol>\n<p><span style=\"font-weight: 400;\">3.1. Wisecounter implements various organizational, physical and information technology security measures for the protection of personal data based on the principle of reasonableness, which takes into account the size of the risk when implementing the measures.<\/span><\/p>\n<p><span style=\"font-weight: 400;\">3.2. Wisecounter has implemented measures to ensure the security of personal data processing, which include the protection of employees, information, IT infrastructure, internal and public networks, as well as office buildings and technical equipment.<\/span><\/p>\n<p><span style=\"font-weight: 400;\">3.3. Wisecounter ensures that persons exposed to personal data have received appropriate instructions for their secure processing.<\/span><\/p>\n<p><span style=\"font-weight: 400;\">3.4. Wisecounter understands the importance of ensuring the security of personal data processing, which is why it applies all appropriate administrative and technological security measures necessary for data security to the processing of personal data.<\/span><\/p>\n<p><span style=\"font-weight: 400;\">3.5. Wisecounter may use authorized processors to process personal data in certain cases. Wisecounter ensures that authorized processors process personal data in accordance with our instructions and in accordance with applicable law and implement appropriate security measures.<\/span><\/p>\n<p>\u00a0<\/p>\n<ol start=\"4\">\n<li><b> Legal basis for personal data processing<\/b><\/li>\n<\/ol>\n<p><span style=\"font-weight: 400;\">4.1. Wisecounter processes personal data to fulfil and ensure fulfilment of the concluded contract, to fulfil a legal obligation, in case of legitimate interest or on the basis of the data subject's consent.<\/span><\/p>\n<p><i><span style=\"font-weight: 400;\">4.1.1. The processing of personal data to fulfil and ensure the performance of the contract applies if we allow the result stipulated in the contract, to which the rights and obligations of the contracting parties are also related, and this cannot be achieved by avoiding the processing of personalized personal data.<\/span><\/i><\/p>\n<p><i><span style=\"font-weight: 400;\">4.1.2. The processing of personal data carried out in order to fulfil the obligations arising from the law takes place in the case that Wisecounter is obliged to process personal data because the company is required to do so by the applicable law, for example the Employment Contracts Act, the Act on the Money Laundering and Terrorist Financing Prevention Act, the Auditors Activities Act or the Accounting Act.<\/span><\/i><\/p>\n<p><i><span style=\"font-weight: 400;\">4.1.3. Legitimate interest as the legal basis for processing personal data means that, primarily for the purpose of providing a higher quality service and promoting business, we process the data subject's personal data, keeping in mind the data subject's basic rights and freedoms. When processing personal data on the basis of legitimate interest, it is important to ensure proportionality between Wisecounter's legitimate interest and the rights of the data subject. In order to identify a legitimate interest, Wisecounter goes through a three-step test: an interest check, e.g. purpose test, a necessity test and a balance test.<\/span><\/i><\/p>\n<p><i><span style=\"font-weight: 400;\">4.1.4. When processing personal data on the basis of consent, we process personal data only with the informed consent of the data subject within the scope of specific purposes. The data subject gives consent to the processing of personal data for the notified purposes voluntarily, specifically, knowingly and unambiguously, for example by ticking a box.<\/span><\/i><\/p>\n<p>\u00a0<\/p>\n<ol start=\"5\">\n<li><b> Responsible or authorized processor and data collection<\/b><\/li>\n<\/ol>\n<p><span style=\"font-weight: 400;\">5.1. Wisecounter is the responsible or authorized processor of personal data in various personal data processing processes, and Wisecounter follows the principles of ensuring the confidentiality of personal data and discloses personal data only to a strictly limited extent in order to ensure the privacy rights of individuals.<\/span><\/p>\n<p><span style=\"font-weight: 400;\">5.2. Only persons authorized by Wisecounter have access to change and process personal data.<\/span><\/p>\n<p><span style=\"font-weight: 400;\">5.3. Wisecounter processes personal data received directly from the data subject (i.e. the person who has disclosed the personal data to us) or indirectly through a client who is a legal entity. Personal data obtained indirectly, without the participation of the data subject, is processed by Wisecounter only if we need to process said data to provide a service, such as accounting payroll, to a legal entity client.<\/span><\/p>\n<p>\u00a0<\/p>\n<ol start=\"6\">\n<li><b> Types of personal data<\/b><\/li>\n<\/ol>\n<p><span style=\"font-weight: 400;\">6.1. Personal data: first and last name, personal identification number.<\/span><\/p>\n<p><span style=\"font-weight: 400;\">6.2. Contact information: e-mail address, contact telephone number, postal address (residential address).<\/span><\/p>\n<p><span style=\"font-weight: 400;\">6.3. Indirectly received personal data that we process in the course of providing accounting services or consulting services may include, among other things: first and last name, social security code, e-mail address, contact telephone number, postal address (residential address), salary data, bank account number, data of company partners, owners and beneficiaries\u2019 data.<\/span><\/p>\n<p><span style=\"font-weight: 400;\">6.4. Internet data: session data, cookies, website log data and IP addresses.<\/span><\/p>\n<p>\u00a0<\/p>\n<ol start=\"7\">\n<li><b> Purposes of personal data processing<\/b><\/li>\n<\/ol>\n<p><span style=\"font-weight: 400;\">7.1. The purpose of personal data processing specified in point 6 of this Privacy Policy is:<\/span><\/p>\n<p><i><span style=\"font-weight: 400;\">7.1.1. provision of accounting services in accordance with the Accounting Act and other legislation;<\/span><\/i><\/p>\n<p><i><span style=\"font-weight: 400;\">7.1.2. provision of tax, legal and other consulting services;<\/span><\/i><\/p>\n<p><i><span style=\"font-weight: 400;\">7.1.3. sending newsletters and conducting customer satisfaction surveys;<\/span><\/i><\/p>\n<p><i><span style=\"font-weight: 400;\">7.1.4. processing of purchase and sales invoices;<\/span><\/i><\/p>\n<p><i><span style=\"font-weight: 400;\">7.1.5. fulfilment of the requirements arising from the current legislation.<\/span><\/i><\/p>\n<p>\u00a0<\/p>\n<ol start=\"8\">\n<li><b> Storage of personal data<\/b><\/li>\n<\/ol>\n<p><span style=\"font-weight: 400;\">8.1. Wisecounter stores personal data in a form that allows data subjects to be identified only for as long as it is necessary to fulfil the purpose for which personal data is processed, unless Wisecounter has a legal requirement that stipulates different personal data storage terms:<\/span><\/p>\n<p><i><span style=\"font-weight: 400;\">8.1.1. accounting documents must be kept for 7 years based on the Accounting Act;<\/span><\/i><\/p>\n<p><i><span style=\"font-weight: 400;\">8.1.2. data collected on the basis of the Money Laundering and Terrorist Financing Prevention Act is stored for 5 years after the end of the business relationship.<\/span><\/i><\/p>\n<p><span style=\"font-weight: 400;\">8.2. Wisecounter stores other data until the end of the retention period specified in the company's personal data processing register.<\/span><\/p>\n<p><span style=\"font-weight: 400;\">8.3. Wisecounter securely destroys and\/or deletes all personal data for which there is no purpose for retention or the retention period has expired.<\/span><\/p>\n<p>\u00a0<\/p>\n<ol start=\"9\">\n<li><b> Third parties and authorized processors<\/b><\/li>\n<\/ol>\n<p><span style=\"font-weight: 400;\">9.1. Wisecounter may transfer personal data, limited to strictly necessary purposes, to third parties and authorized processors for the following purposes:<\/span><\/p>\n<p><i><span style=\"font-weight: 400;\">9.1.1. for issuing sales invoices;<\/span><\/i><\/p>\n<p><i><span style=\"font-weight: 400;\">9.1.2. to maintain the customer's database;<\/span><\/i><\/p>\n<p><i><span style=\"font-weight: 400;\">9.1.3. cooperation partners to provide better quality service to customers.<\/span><\/i><\/p>\n<p><span style=\"font-weight: 400;\">9.2. Despite the access restriction, Wisecounter issues the document to an institution or person who has a direct legal right to request it (e.g. pre-trial proceedings, court, supervisory authority, etc.).<\/span><\/p>\n<p>\u00a0<\/p>\n<ol start=\"10\">\n<li><b> Rights of the data subject<\/b><\/li>\n<\/ol>\n<p><span style=\"font-weight: 400;\">10.1 The data subject has the right to receive information about the processing of his\/her personal data. Regarding the processing of personal data, it is possible to receive a written request from Wisecounter by submitting information via e-mail to info@wisecounter.ee<\/span><\/p>\n<p><i><span style=\"font-weight: 400;\">10.1.1. When a person submits a request for personal data, Wisecounter must make sure that it is the person who has the right to receive the corresponding data. Therefore, the data requester must, if necessary, prove his\/her identity or the right to request data.<\/span><\/i><\/p>\n<p><span style=\"font-weight: 400;\">10.2. The data subject has the right to request data deletion of personal data if the processing of personal data takes place on the basis of consent, and the data controller must do so at his\/her request.<\/span><\/p>\n<p><span style=\"font-weight: 400;\">10.3. The data subject has the right to make inquiries about the personal data concerning him\/her that he\/she has submitted to Wisecounter.<\/span><\/p>\n<p><span style=\"font-weight: 400;\">10.4. The data subject has the right to restrict the processing of personal data.<\/span><\/p>\n<p><span style=\"font-weight: 400;\">10.5. In certain cases, the data subject has the right to receive the personal data in a machine-readable form with him or to transfer it to another responsible employee.<\/span><\/p>\n<p><span style=\"font-weight: 400;\">10.6. The data subject has the right to submit a complaint about the processing of personal data to the Data Protection Inspectorate.<\/span><\/p>\n<p>\u00a0<\/p>\n<ol start=\"11\">\n<li><b> Cookies<\/b><\/li>\n<\/ol>\n<p><span style=\"font-weight: 400;\">11.1. A cookie is a small text file that is automatically saved by the web browser on the device used by the person.<\/span><\/p>\n<p><span style=\"font-weight: 400;\">11.2. The websites www.wisecounter.ee, www.wisecounter.se, www.wisecounter.fi, www.wisecounter.lv and www.wisecounter.eu managed by Wisecounter O\u00dc use cookies to monitor the operation of the website, to make the user experience on the websites more comfortable and smoother, and for remarketing.<\/span><\/p>\n<p>\u00a0<\/p>\n<p><span style=\"font-weight: 400;\">11.3. In addition, we use cookies to collect anonymous and generalized statistics about the number of visitors to the website, information about how the website is used, in order to make the website even more user-friendly and better.<\/span><\/p>\n<p><span style=\"font-weight: 400;\">11.4. The websites www.wisecounter.ee, www.wisecounter.se, www.wisecounter.fi, www.wisecounter.lv and www.wisecounter.eu managed by Wisecounter O\u00dc use the following cookies:<\/span><\/p>\n<p><i><span style=\"font-weight: 400;\">11.4.1. Facebook Pixel cookies for directing advertising through Facebook and for analysing the advertising flow, which leads to the monitoring of a person's web traffic by Facebook.<\/span><\/i><\/p>\n<p><i><span style=\"font-weight: 400;\">11.4.2. Google Analytics cookies for directing advertising through Google and for analysing the advertising flow, which leads to the monitoring of a person's web traffic by Google.<\/span><\/i><\/p>\n<p><i><span style=\"font-weight: 400;\">11.4.3. LinkedIn Insight Tag cookies to direct advertising through LinkedIn and to analyse the advertising flow, which leads to the tracking of a person's web traffic by LinkedIn.<\/span><\/i><\/p>\n<p><i><span style=\"font-weight: 400;\">11.4.4. All the aforementioned cookies collect information anonymously.<\/span><\/i><\/p>\n<p><span style=\"font-weight: 400;\">11.5 By not agreeing to the use of cookies, it is possible to block the cookies stored on the device. For this, the corresponding settings of the web browser must be changed. If cookies are not used, websites may not work correctly and all services may not be available.<\/span><\/p>\n<p><i><span style=\"font-weight: 400;\">11.5.1. At the same time, the person can easily remove existing cookies from the web browser settings or even reset the web browser to remove all stored cookies. Read more about managing and deleting cookies on the following page: http:\/\/allaboutcookies.org\u00a0<\/span><\/i><\/p>\n<p>\u00a0<\/p>\n<ol start=\"12\">\n<li><b> Changes to the Privacy Policy<\/b><\/li>\n<\/ol>\n<p><span style=\"font-weight: 400;\">12.1 Personal privacy is important to Wisecounter, which is why Wisecounter regularly updates this privacy policy. The most up-to-date version of the privacy policy is always published on the website.<\/span><\/p>\n<p>\u00a0<\/p>\n<ol start=\"13\">\n<li><b> Contact<\/b><\/li>\n<\/ol>\n<p><span style=\"font-weight: 400;\">13.1. For all questions, concerns or suggestions regarding the processing of personal data, you can contact the data controller at the following contacts:<\/span><\/p>\n<p>\u00a0<\/p>\n<p><span style=\"font-weight: 400;\">Wisecounter O\u00dc<\/span><\/p>\n<p><span style=\"font-weight: 400;\">Valukoja 8\/2, D-building, 12th floor<\/span><\/p>\n<p><span style=\"font-weight: 400;\">Tallinn 11415<\/span><\/p>\n<p><span style=\"font-weight: 400;\">info@wisecounter.ee<\/span><\/p>\n<\/div><\/div>\n<\/section><\/div>","protected":false},"excerpt":{"rendered":"<p>WISECOUNTER O\u00dc PRIVACY POLICY Wisecounter O\u00dc (hereinafter referred to as &#8220;Wisecounter&#8221;, &#8220;we&#8221; or &#8220;our&#8221;) complies with the requirements and principles set out in this privacy policy. For Wisecounter, the privacy of individuals and the protection of personal data are important, and that is why we have developed this privacy policy, which sets out the purposes [&hellip;]<\/p>\n","protected":false},"author":1,"featured_media":0,"parent":0,"menu_order":0,"comment_status":"closed","ping_status":"closed","template":"page-templates\/tpl-homepage.php","meta":{"_acf_changed":false,"_monsterinsights_skip_tracking":false,"_monsterinsights_sitenote_active":false,"_monsterinsights_sitenote_note":"","_monsterinsights_sitenote_category":0,"footnotes":"","_breakdance_hide_in_design_set":false,"_breakdance_tags":""},"acf":[],"yoast_head":"<!-- This site is optimized with the Yoast SEO plugin v22.3 - https:\/\/yoast.com\/wordpress\/plugins\/seo\/ -->\n<title>WISECOUNTER O\u00dc PRIVACY POLICY - Wisecounter O\u00dc<\/title>\n<meta name=\"robots\" content=\"index, follow, max-snippet:-1, max-image-preview:large, max-video-preview:-1\" \/>\n<link rel=\"canonical\" href=\"https:\/\/www.wisecounter.ee\/en\/wisecounter-ou-privacy-policy\/\" \/>\n<meta property=\"og:locale\" content=\"en_US\" \/>\n<meta property=\"og:type\" content=\"article\" \/>\n<meta property=\"og:title\" content=\"WISECOUNTER O\u00dc PRIVACY POLICY - Wisecounter O\u00dc\" \/>\n<meta property=\"og:description\" content=\"WISECOUNTER O\u00dc PRIVACY POLICY Wisecounter O\u00dc (hereinafter referred to as &quot;Wisecounter&quot;, &quot;we&quot; or &quot;our&quot;) complies with the requirements and principles set out in this privacy policy. For Wisecounter, the privacy of individuals and the protection of personal data are important, and that is why we have developed this privacy policy, which sets out the purposes [&hellip;]\" \/>\n<meta property=\"og:url\" content=\"https:\/\/www.wisecounter.ee\/en\/wisecounter-ou-privacy-policy\/\" \/>\n<meta property=\"og:site_name\" content=\"Wisecounter O\u00dc\" \/>\n<meta property=\"article:modified_time\" content=\"2024-03-14T20:30:39+00:00\" \/>\n<meta name=\"twitter:card\" content=\"summary_large_image\" \/>\n<meta name=\"twitter:label1\" content=\"Est. reading time\" \/>\n\t<meta name=\"twitter:data1\" content=\"10 minutes\" \/>\n<script type=\"application\/ld+json\" class=\"yoast-schema-graph\">{\"@context\":\"https:\/\/schema.org\",\"@graph\":[{\"@type\":\"WebPage\",\"@id\":\"https:\/\/www.wisecounter.ee\/en\/wisecounter-ou-privacy-policy\/\",\"url\":\"https:\/\/www.wisecounter.ee\/en\/wisecounter-ou-privacy-policy\/\",\"name\":\"WISECOUNTER O\u00dc PRIVACY POLICY - Wisecounter O\u00dc\",\"isPartOf\":{\"@id\":\"https:\/\/www.wisecounter.ee\/en\/#website\"},\"datePublished\":\"2024-03-14T20:21:28+00:00\",\"dateModified\":\"2024-03-14T20:30:39+00:00\",\"breadcrumb\":{\"@id\":\"https:\/\/www.wisecounter.ee\/en\/wisecounter-ou-privacy-policy\/#breadcrumb\"},\"inLanguage\":\"en-US\",\"potentialAction\":[{\"@type\":\"ReadAction\",\"target\":[\"https:\/\/www.wisecounter.ee\/en\/wisecounter-ou-privacy-policy\/\"]}]},{\"@type\":\"BreadcrumbList\",\"@id\":\"https:\/\/www.wisecounter.ee\/en\/wisecounter-ou-privacy-policy\/#breadcrumb\",\"itemListElement\":[{\"@type\":\"ListItem\",\"position\":1,\"name\":\"Home\",\"item\":\"https:\/\/www.wisecounter.ee\/en\/\"},{\"@type\":\"ListItem\",\"position\":2,\"name\":\"WISECOUNTER O\u00dc PRIVACY POLICY\"}]},{\"@type\":\"WebSite\",\"@id\":\"https:\/\/www.wisecounter.ee\/en\/#website\",\"url\":\"https:\/\/www.wisecounter.ee\/en\/\",\"name\":\"Wisecounter O\u00dc\",\"description\":\"Raamatupidamine, juriidiline ning finantsn\u00f5ustamine, juhtimiskoolitused\",\"potentialAction\":[{\"@type\":\"SearchAction\",\"target\":{\"@type\":\"EntryPoint\",\"urlTemplate\":\"https:\/\/www.wisecounter.ee\/en\/?s={search_term_string}\"},\"query-input\":\"required name=search_term_string\"}],\"inLanguage\":\"en-US\"}]}<\/script>\n<!-- \/ Yoast SEO plugin. -->","yoast_head_json":{"title":"WISECOUNTER O\u00dc PRIVACY POLICY - Wisecounter O\u00dc","robots":{"index":"index","follow":"follow","max-snippet":"max-snippet:-1","max-image-preview":"max-image-preview:large","max-video-preview":"max-video-preview:-1"},"canonical":"https:\/\/www.wisecounter.ee\/en\/wisecounter-ou-privacy-policy\/","og_locale":"en_US","og_type":"article","og_title":"WISECOUNTER O\u00dc PRIVACY POLICY - Wisecounter O\u00dc","og_description":"WISECOUNTER O\u00dc PRIVACY POLICY Wisecounter O\u00dc (hereinafter referred to as \"Wisecounter\", \"we\" or \"our\") complies with the requirements and principles set out in this privacy policy. For Wisecounter, the privacy of individuals and the protection of personal data are important, and that is why we have developed this privacy policy, which sets out the purposes [&hellip;]","og_url":"https:\/\/www.wisecounter.ee\/en\/wisecounter-ou-privacy-policy\/","og_site_name":"Wisecounter O\u00dc","article_modified_time":"2024-03-14T20:30:39+00:00","twitter_card":"summary_large_image","twitter_misc":{"Est. reading time":"10 minutes"},"schema":{"@context":"https:\/\/schema.org","@graph":[{"@type":"WebPage","@id":"https:\/\/www.wisecounter.ee\/en\/wisecounter-ou-privacy-policy\/","url":"https:\/\/www.wisecounter.ee\/en\/wisecounter-ou-privacy-policy\/","name":"WISECOUNTER O\u00dc PRIVACY POLICY - Wisecounter O\u00dc","isPartOf":{"@id":"https:\/\/www.wisecounter.ee\/en\/#website"},"datePublished":"2024-03-14T20:21:28+00:00","dateModified":"2024-03-14T20:30:39+00:00","breadcrumb":{"@id":"https:\/\/www.wisecounter.ee\/en\/wisecounter-ou-privacy-policy\/#breadcrumb"},"inLanguage":"en-US","potentialAction":[{"@type":"ReadAction","target":["https:\/\/www.wisecounter.ee\/en\/wisecounter-ou-privacy-policy\/"]}]},{"@type":"BreadcrumbList","@id":"https:\/\/www.wisecounter.ee\/en\/wisecounter-ou-privacy-policy\/#breadcrumb","itemListElement":[{"@type":"ListItem","position":1,"name":"Home","item":"https:\/\/www.wisecounter.ee\/en\/"},{"@type":"ListItem","position":2,"name":"WISECOUNTER O\u00dc PRIVACY POLICY"}]},{"@type":"WebSite","@id":"https:\/\/www.wisecounter.ee\/en\/#website","url":"https:\/\/www.wisecounter.ee\/en\/","name":"Wisecounter O\u00dc","description":"Raamatupidamine, juriidiline ning finantsn\u00f5ustamine, juhtimiskoolitused","potentialAction":[{"@type":"SearchAction","target":{"@type":"EntryPoint","urlTemplate":"https:\/\/www.wisecounter.ee\/en\/?s={search_term_string}"},"query-input":"required name=search_term_string"}],"inLanguage":"en-US"}]}},"_links":{"self":[{"href":"https:\/\/www.wisecounter.ee\/en\/wp-json\/wp\/v2\/pages\/2724"}],"collection":[{"href":"https:\/\/www.wisecounter.ee\/en\/wp-json\/wp\/v2\/pages"}],"about":[{"href":"https:\/\/www.wisecounter.ee\/en\/wp-json\/wp\/v2\/types\/page"}],"author":[{"embeddable":true,"href":"https:\/\/www.wisecounter.ee\/en\/wp-json\/wp\/v2\/users\/1"}],"replies":[{"embeddable":true,"href":"https:\/\/www.wisecounter.ee\/en\/wp-json\/wp\/v2\/comments?post=2724"}],"version-history":[{"count":5,"href":"https:\/\/www.wisecounter.ee\/en\/wp-json\/wp\/v2\/pages\/2724\/revisions"}],"predecessor-version":[{"id":2730,"href":"https:\/\/www.wisecounter.ee\/en\/wp-json\/wp\/v2\/pages\/2724\/revisions\/2730"}],"wp:attachment":[{"href":"https:\/\/www.wisecounter.ee\/en\/wp-json\/wp\/v2\/media?parent=2724"}],"curies":[{"name":"wp","href":"https:\/\/api.w.org\/{rel}","templated":true}]}}